{"id":191,"date":"2023-03-05T05:19:21","date_gmt":"2023-03-05T04:19:21","guid":{"rendered":"http:\/\/lbatis.com\/?page_id=191"},"modified":"2023-05-11T00:59:28","modified_gmt":"2023-05-10T22:59:28","slug":"boutique-2","status":"publish","type":"page","link":"https:\/\/lbatis.com\/index.php\/boutique-2\/","title":{"rendered":"Boutique"},"content":{"rendered":"<p>[et_pb_section fb_built=&#8221;1&#8243; fullwidth=&#8221;on&#8221; _builder_version=&#8221;4.20.0&#8243; _module_preset=&#8221;default&#8221; background_image=&#8221;https:\/\/lbatis.com\/wp-content\/uploads\/2023\/03\/iStock-591828244-1024&#215;683-1.jpg&#8221; background_position=&#8221;top_center&#8221; background_vertical_offset=&#8221;15%&#8221; custom_margin=&#8221;||-3px||false|false&#8221; background_last_edited=&#8221;on|phone&#8221; background_image_tablet=&#8221;https:\/\/lbatis.com\/wp-content\/uploads\/2023\/03\/iStock-591828244-1024&#215;683-1.jpg&#8221; background_image_phone=&#8221;https:\/\/lbatis.com\/wp-content\/uploads\/2023\/03\/iStock-591828244-1024&#215;683-1.jpg&#8221; background_enable_image_tablet=&#8221;on&#8221; background_enable_image_phone=&#8221;on&#8221; parallax_phone=&#8221;on&#8221; background_size_phone=&#8221;cover&#8221; global_colors_info=&#8221;{}&#8221;][et_pb_fullwidth_header title=&#8221;Boutique en ligne&#8221; text_orientation=&#8221;center&#8221; image_orientation=&#8221;bottom&#8221; _builder_version=&#8221;4.20.0&#8243; _module_preset=&#8221;default&#8221; title_font=&#8221;Flatline Bold||||||||&#8221; title_text_color=&#8221;#FFFFFF&#8221; title_font_size=&#8221;69px&#8221; title_line_height=&#8221;2.3em&#8221; content_font_size=&#8221;27px&#8221; content_letter_spacing=&#8221;7px&#8221; subhead_font=&#8221;flatline regular|||on|||||&#8221; subhead_text_color=&#8221;#DEBD8B&#8221; subhead_font_size=&#8221;39px&#8221; subhead_line_height=&#8221;1.3em&#8221; background_enable_color=&#8221;off&#8221; custom_margin=&#8221;-2px||0px||false|false&#8221; custom_padding=&#8221;79px||59px||false|false&#8221; title_font_size_tablet=&#8221;45px&#8221; title_font_size_phone=&#8221;45px&#8221; title_font_size_last_edited=&#8221;on|tablet&#8221; title_line_height_tablet=&#8221;2.3em&#8221; title_line_height_phone=&#8221;1.5em&#8221; title_line_height_last_edited=&#8221;on|phone&#8221; subhead_font_size_tablet=&#8221;32px&#8221; subhead_font_size_phone=&#8221;25px&#8221; subhead_font_size_last_edited=&#8221;on|phone&#8221; background_last_edited=&#8221;on|phone&#8221; background_enable_image_phone=&#8221;off&#8221; parallax_phone=&#8221;on&#8221; background_size_phone=&#8221;cover&#8221; background_position_phone=&#8221;top_center&#8221; subhead_text_shadow_style=&#8221;preset5&#8243; subhead_text_shadow_color=&#8221;#000000&#8243; global_colors_info=&#8221;{}&#8221; background__hover_enabled=&#8221;on|desktop&#8221;][\/et_pb_fullwidth_header][\/et_pb_section][et_pb_section fb_built=&#8221;1&#8243; admin_label=&#8221;How it works&#8221; _builder_version=&#8221;4.20.0&#8243; background_color=&#8221;#FFFFFF&#8221; background_enable_image=&#8221;off&#8221; background_position=&#8221;top_center&#8221; background_blend=&#8221;multiply&#8221; custom_padding=&#8221;158px|0px|158px|0px|true|false&#8221; locked=&#8221;off&#8221; global_colors_info=&#8221;{}&#8221;][et_pb_row _builder_version=&#8221;4.16&#8243; global_colors_info=&#8221;{}&#8221;][et_pb_column type=&#8221;4_4&#8243; _builder_version=&#8221;4.16&#8243; custom_padding=&#8221;|||&#8221; global_colors_info=&#8221;{}&#8221; custom_padding__hover=&#8221;|||&#8221;][et_pb_text _builder_version=&#8221;4.20.0&#8243; _module_preset=&#8221;default&#8221; header_font=&#8221;Flatline Bold||||||||&#8221; header_2_font=&#8221;Flatline Bold||||||||&#8221; header_3_font=&#8221;flatline regular|700|||||||&#8221; header_3_text_color=&#8221;#B29146&#8243; header_3_font_size=&#8221;34px&#8221; header_3_letter_spacing=&#8221;3px&#8221; header_4_font=&#8221;Montserrat|700|||||||&#8221; header_4_text_color=&#8221;#FFBD26&#8243; custom_margin=&#8221;||15px|||&#8221; global_colors_info=&#8221;{}&#8221;]<\/p>\n<h3 style=\"text-align: center;\">Tous nos produits<\/h3>\n<p>[\/et_pb_text][et_pb_text _builder_version=&#8221;4.20.0&#8243; _module_preset=&#8221;default&#8221; header_font=&#8221;Cormorant Garamond||||||||&#8221; header_text_color=&#8221;#000000&#8243; header_2_font=&#8221;Flatline Bold|||on|||||&#8221; header_2_text_color=&#8221;#DEBD8B&#8221; header_2_font_size=&#8221;60px&#8221; header_2_letter_spacing=&#8221;2px&#8221; header_4_font=&#8221;Montserrat||||||||&#8221; header_4_text_color=&#8221;#FFBD26&#8243; custom_margin=&#8221;||100px|||&#8221; global_colors_info=&#8221;{}&#8221;]<\/p>\n<h2 style=\"text-align: center;\">LA BOUTIQUE<\/h2>\n<p>[\/et_pb_text][et_pb_text _builder_version=&#8221;4.20.0&#8243; _module_preset=&#8221;default&#8221; header_4_font=&#8221;flatline regular|300|||||||&#8221; header_4_text_align=&#8221;center&#8221; header_4_text_color=&#8221;#6b4726&#8243; header_4_font_size=&#8221;44px&#8221; global_colors_info=&#8221;{}&#8221;]<\/p>\n<h4><strong><a class=\"row-title\" href=\"https:\/\/lbatis.com\/wp-admin\/term.php?taxonomy=product_cat&amp;tag_ID=21&amp;post_type=product&amp;wp_http_referer=%2Fwp-admin%2Fedit-tags.php%3Ftaxonomy%3Dproduct_cat%26post_type%3Dproduct\" aria-label=\"\u00ab\u00a0KIT LISSAGE FORMAT PROFESSIONEL\u00a0\u00bb (Modifier)\">Kit Lissage Format Professionnel<\/a><\/strong><\/h4>\n<p>[\/et_pb_text][et_pb_shop type=&#8221;product_category&#8221; posts_number=&#8221;4&#8243; _builder_version=&#8221;4.20.0&#8243; _module_preset=&#8221;default&#8221; title_font=&#8221;Flatline Bold||||||||&#8221; title_text_align=&#8221;left&#8221; title_text_color=&#8221;#debd8b&#8221; title_font_size=&#8221;23px&#8221; price_font=&#8221;Barlow||||||||&#8221; price_text_color=&#8221;#B29146&#8243; price_font_size=&#8221;20px&#8221; rating_text_color=&#8221;#DEBD8B&#8221; rating_font_size=&#8221;3px&#8221; text_orientation=&#8221;left&#8221; hover_enabled=&#8221;0&#8243; title_font_size_tablet=&#8221;27px&#8221; title_font_size_phone=&#8221;22px&#8221; title_font_size_last_edited=&#8221;on|phone&#8221; global_colors_info=&#8221;{}&#8221; include_categories=&#8221;21&#8243; sticky_enabled=&#8221;0&#8243;][\/et_pb_shop][et_pb_text _builder_version=&#8221;4.20.0&#8243; _module_preset=&#8221;default&#8221; header_4_font=&#8221;flatline regular|300|||||||&#8221; header_4_text_align=&#8221;center&#8221; header_4_text_color=&#8221;#6b4726&#8243; header_4_font_size=&#8221;44px&#8221; hover_enabled=&#8221;0&#8243; global_colors_info=&#8221;{}&#8221; sticky_enabled=&#8221;0&#8243;]<\/p>\n<h4><strong>Kit Entretien Lissage <\/strong><\/h4>\n<p>[\/et_pb_text][et_pb_shop type=&#8221;product_category&#8221; posts_number=&#8221;4&#8243; _builder_version=&#8221;4.20.0&#8243; _module_preset=&#8221;default&#8221; title_font=&#8221;Flatline Bold||||||||&#8221; title_text_align=&#8221;left&#8221; title_text_color=&#8221;#debd8b&#8221; title_font_size=&#8221;23px&#8221; price_font=&#8221;Barlow||||||||&#8221; price_text_color=&#8221;#B29146&#8243; price_font_size=&#8221;20px&#8221; rating_text_color=&#8221;#DEBD8B&#8221; rating_font_size=&#8221;3px&#8221; text_orientation=&#8221;left&#8221; hover_enabled=&#8221;0&#8243; title_font_size_tablet=&#8221;27px&#8221; title_font_size_phone=&#8221;22px&#8221; title_font_size_last_edited=&#8221;on|phone&#8221; global_colors_info=&#8221;{}&#8221; include_categories=&#8221;25&#8243; sticky_enabled=&#8221;0&#8243;][\/et_pb_shop][et_pb_text _builder_version=&#8221;4.20.0&#8243; _module_preset=&#8221;default&#8221; header_4_font=&#8221;flatline regular|300|||||||&#8221; header_4_text_align=&#8221;center&#8221; header_4_text_color=&#8221;#6b4726&#8243; header_4_font_size=&#8221;44px&#8221; hover_enabled=&#8221;0&#8243; global_colors_info=&#8221;{}&#8221; sticky_enabled=&#8221;0&#8243;]<\/p>\n<h4><strong>\u00a0Kit Lissage \u00e0 faire soi-m\u00eame <\/strong><\/h4>\n<p>[\/et_pb_text][et_pb_shop type=&#8221;product_category&#8221; posts_number=&#8221;4&#8243; _builder_version=&#8221;4.20.0&#8243; _module_preset=&#8221;default&#8221; title_font=&#8221;Flatline Bold||||||||&#8221; title_text_align=&#8221;left&#8221; title_text_color=&#8221;#debd8b&#8221; title_font_size=&#8221;23px&#8221; price_font=&#8221;Barlow||||||||&#8221; price_text_color=&#8221;#B29146&#8243; price_font_size=&#8221;20px&#8221; rating_text_color=&#8221;#DEBD8B&#8221; rating_font_size=&#8221;3px&#8221; text_orientation=&#8221;left&#8221; hover_enabled=&#8221;0&#8243; title_font_size_tablet=&#8221;27px&#8221; title_font_size_phone=&#8221;22px&#8221; title_font_size_last_edited=&#8221;on|phone&#8221; global_colors_info=&#8221;{}&#8221; include_categories=&#8221;24&#8243; sticky_enabled=&#8221;0&#8243;][\/et_pb_shop][\/et_pb_column][\/et_pb_row][\/et_pb_section][et_pb_section fb_built=&#8221;1&#8243; _builder_version=&#8221;4.20.0&#8243; _module_preset=&#8221;default&#8221; background_enable_color=&#8221;off&#8221; background_image=&#8221;https:\/\/lbatis.com\/wp-content\/uploads\/2023\/04\/HomeSlider-Recupere.jpg&#8221; background_position=&#8221;top_center&#8221; custom_padding=&#8221;87px||153px|||&#8221; background_last_edited=&#8221;on|phone&#8221; background_size_phone=&#8221;initial&#8221; background_position_phone=&#8221;bottom_right&#8221; global_colors_info=&#8221;{}&#8221;][et_pb_row column_structure=&#8221;3_5,2_5&#8243; _builder_version=&#8221;4.20.0&#8243; _module_preset=&#8221;default&#8221; custom_margin=&#8221;87px|auto||auto||&#8221; global_colors_info=&#8221;{}&#8221;][et_pb_column type=&#8221;3_5&#8243; _builder_version=&#8221;4.20.0&#8243; _module_preset=&#8221;default&#8221; global_colors_info=&#8221;{}&#8221;][et_pb_text _builder_version=&#8221;4.20.0&#8243; _module_preset=&#8221;default&#8221; header_font=&#8221;Flatline Bold||||||||&#8221; header_2_font=&#8221;Flatline Bold||||||||&#8221; header_3_font=&#8221;flatline regular|700|||||||&#8221; header_3_text_color=&#8221;#B29146&#8243; header_3_font_size=&#8221;34px&#8221; header_3_letter_spacing=&#8221;3px&#8221; header_4_font=&#8221;Montserrat|700|||||||&#8221; header_4_text_color=&#8221;#FFBD26&#8243; custom_margin=&#8221;||15px|||&#8221; global_colors_info=&#8221;{}&#8221;]<\/p>\n<h3 style=\"text-align: center;\">D\u00e9couvrez<\/h3>\n<p>[\/et_pb_text][et_pb_text _builder_version=&#8221;4.20.0&#8243; _module_preset=&#8221;default&#8221; header_font=&#8221;Cormorant Garamond||||||||&#8221; header_text_color=&#8221;#000000&#8243; header_2_font=&#8221;Flatline Bold|||on|||||&#8221; header_2_text_color=&#8221;#DEBD8B&#8221; header_2_font_size=&#8221;60px&#8221; header_2_letter_spacing=&#8221;2px&#8221; header_4_font=&#8221;Montserrat||||||||&#8221; header_4_text_color=&#8221;#FFBD26&#8243; global_colors_info=&#8221;{}&#8221;]<\/p>\n<h2 style=\"text-align: center;\">NOS PRESTATIONS<\/h2>\n<p>[\/et_pb_text][et_pb_button button_url=&#8221;https:\/\/lbatis.com\/index.php\/prestations\/&#8221; button_text=&#8221;voir&#8221; button_alignment=&#8221;center&#8221; _builder_version=&#8221;4.20.0&#8243; _module_preset=&#8221;default&#8221; global_colors_info=&#8221;{}&#8221; button_border_color__hover_enabled=&#8221;on|hover&#8221; button_border_color__hover=&#8221;#FFBD26&#8243;][\/et_pb_button][\/et_pb_column][et_pb_column type=&#8221;2_5&#8243; _builder_version=&#8221;4.20.0&#8243; _module_preset=&#8221;default&#8221; global_colors_info=&#8221;{}&#8221;][\/et_pb_column][\/et_pb_row][\/et_pb_section][et_pb_section fb_built=&#8221;1&#8243; _builder_version=&#8221;4.20.0&#8243; _module_preset=&#8221;default&#8221; custom_padding=&#8221;151px||189px|||&#8221; global_colors_info=&#8221;{}&#8221;][et_pb_row _builder_version=&#8221;4.20.0&#8243; _module_preset=&#8221;default&#8221; global_colors_info=&#8221;{}&#8221;][et_pb_column type=&#8221;4_4&#8243; _builder_version=&#8221;4.20.0&#8243; _module_preset=&#8221;default&#8221; global_colors_info=&#8221;{}&#8221;][et_pb_text _builder_version=&#8221;4.20.0&#8243; _module_preset=&#8221;default&#8221; header_font=&#8221;Flatline Bold||||||||&#8221; header_2_font=&#8221;Flatline Bold||||||||&#8221; header_3_font=&#8221;flatline regular|700|||||||&#8221; header_3_text_color=&#8221;#B29146&#8243; header_3_font_size=&#8221;34px&#8221; header_3_letter_spacing=&#8221;3px&#8221; header_4_font=&#8221;Montserrat|700|||||||&#8221; header_4_text_color=&#8221;#FFBD26&#8243; custom_margin=&#8221;||15px|||&#8221; global_colors_info=&#8221;{}&#8221;]<\/p>\n<h3 style=\"text-align: center;\">Qui mieux qu&#8217;eux<br \/>pour en parler ?<\/h3>\n<p>[\/et_pb_text][et_pb_text _builder_version=&#8221;4.20.0&#8243; _module_preset=&#8221;default&#8221; header_font=&#8221;Cormorant Garamond||||||||&#8221; header_text_color=&#8221;#000000&#8243; header_2_font=&#8221;Flatline Bold|||on|||||&#8221; header_2_text_color=&#8221;#DEBD8B&#8221; header_2_font_size=&#8221;60px&#8221; header_2_letter_spacing=&#8221;2px&#8221; header_4_font=&#8221;Montserrat||||||||&#8221; header_4_text_color=&#8221;#FFBD26&#8243; global_colors_info=&#8221;{}&#8221;]<\/p>\n<h2 style=\"text-align: center;\">AVIS<br \/>\n\/t\u00e9moignages<\/span><\/h2>\n<p>[\/et_pb_text][\/et_pb_column][\/et_pb_row][et_pb_row _builder_version=&#8221;4.20.0&#8243; _module_preset=&#8221;default&#8221; global_colors_info=&#8221;{}&#8221;][et_pb_column type=&#8221;4_4&#8243; _builder_version=&#8221;4.20.0&#8243; _module_preset=&#8221;default&#8221; global_colors_info=&#8221;{}&#8221;][et_pb_image src=&#8221;https:\/\/lbatis.com\/wp-content\/uploads\/2023\/03\/Capture-decran-2023-03-05-a-03.59.18.png&#8221; title_text=&#8221;Capture d\u2019e\u0301cran 2023-03-05 a\u0300 03.59.18&#8243; _builder_version=&#8221;4.20.0&#8243; _module_preset=&#8221;default&#8221; global_colors_info=&#8221;{}&#8221;][\/et_pb_image][\/et_pb_column][\/et_pb_row][\/et_pb_section]<\/p>\n","protected":false},"excerpt":{"rendered":"<p>Tous nos produitsLA BOUTIQUEKit Lissage Format ProfessionnelKit Entretien Lissage \u00a0Kit Lissage \u00e0 faire soi-m\u00eame D\u00e9couvrezNOS PRESTATIONSQui mieux qu&#8217;euxpour en parler ?AVIS \/t\u00e9moignages<\/p>\n","protected":false},"author":1,"featured_media":0,"parent":0,"menu_order":0,"comment_status":"closed","ping_status":"closed","template":"","meta":{"_et_pb_use_builder":"on","_et_pb_old_content":"","_et_gb_content_width":"","footnotes":""},"class_list":["post-191","page","type-page","status-publish","hentry"],"_links":{"self":[{"href":"https:\/\/lbatis.com\/index.php\/wp-json\/wp\/v2\/pages\/191","targetHints":{"allow":["GET"]}}],"collection":[{"href":"https:\/\/lbatis.com\/index.php\/wp-json\/wp\/v2\/pages"}],"about":[{"href":"https:\/\/lbatis.com\/index.php\/wp-json\/wp\/v2\/types\/page"}],"author":[{"embeddable":true,"href":"https:\/\/lbatis.com\/index.php\/wp-json\/wp\/v2\/users\/1"}],"replies":[{"embeddable":true,"href":"https:\/\/lbatis.com\/index.php\/wp-json\/wp\/v2\/comments?post=191"}],"version-history":[{"count":13,"href":"https:\/\/lbatis.com\/index.php\/wp-json\/wp\/v2\/pages\/191\/revisions"}],"predecessor-version":[{"id":475,"href":"https:\/\/lbatis.com\/index.php\/wp-json\/wp\/v2\/pages\/191\/revisions\/475"}],"wp:attachment":[{"href":"https:\/\/lbatis.com\/index.php\/wp-json\/wp\/v2\/media?parent=191"}],"curies":[{"name":"wp","href":"https:\/\/api.w.org\/{rel}","templated":true}]}}