{"id":197,"date":"2023-03-05T05:24:29","date_gmt":"2023-03-05T04:24:29","guid":{"rendered":"http:\/\/lbatis.com\/?post_type=product&#038;p=197"},"modified":"2023-05-31T08:29:47","modified_gmt":"2023-05-31T06:29:47","slug":"cocoa","status":"publish","type":"product","link":"https:\/\/lbatis.com\/index.php\/produit\/cocoa\/","title":{"rendered":"LISSAGE AU TANIN\/PROTEINE"},"content":{"rendered":"<div class=\"product-single__description rte\">\n<p><span class=\"BvQan sh-t__title-pdp sh-t__title translate-content\" data-hveid=\"33\">Lissage Au Tanin Elyssa Cosmetiques Cocoa Organic Kit &#8211; 3&#215;1000 ml<\/span><\/p>\n<p>&nbsp;<\/p>\n<p>Le <span class=\"BvQan sh-t__title-pdp sh-t__title translate-content\" data-hveid=\"33\">Lissage Au Tanin Elyssa Cosmetiques Cocoa Organic Kit &#8211; 3&#215;1000 ml est\u00a0u<\/span>n nouveau traitement de cheveux qui permet de lisser et hydrater les cheveux en profondeur. Enrichis avec du Cacao et Mol\u00e9cule d\u2019Huile de Ricin, les produits Lissage Au Tanin\u00a0<a class=\"text-link\" href=\"https:\/\/elyssacosmetiques.com\/collections\/cocoa-organic-professionnel\">Cocoa Organic <\/a>garantissent des cheveux brillants, lisses et naturellement sains.<\/p>\n<p>Le Lissage\u00a0Au Tanin\u00a0Cocoa Organic est\u00a0Adapt\u00e9 pour tout type de cheveux et compatible avec toutes techniques.<br \/>\nIl hydrate et \u00e9limine les frisottis tout en favorisant un effet naturel, lisse jusqu&#8217;\u00e0 4\/6 mois.<\/p>\n<p>Kit Professionnel comprenant 1L de Shampooing Dilater,\u00a01L d\u2019Anti-Frisottis et 1L de Masque Nutritif<\/p>\n<p>&#8212;<br \/>\nStep 1 &#8211; Pr\u00e9paration<br \/>\nMouillez les cheveux et appliquez le Shampooing Dilater en massant bien le cuir chevelu.<br \/>\nLaissez reposer 10 minutes. Rincez. R\u00e9p\u00e9tez si n\u00e9cessaire.<\/p>\n<p>Step 2 &#8211; Activation<br \/>\n&#8211; Apr\u00e8s lavage des cheveux, appliquez le produit uniform\u00e9ment en \u00e9vitant le cuir chevelu. Laissez agir 60 minutes en fonction du diagnostic.<br \/>\n&#8211; Rincez \u00e0 50%.<br \/>\n&#8211; Proc\u00e9dez au Brushing<br \/>\n&#8211; Passez le fer \u00e0 lisser en de fines m\u00e8ches \u00e0<br \/>\n&#8211; &#8211; 230\u00b0 sur cheveux naturels et difficiles.<br \/>\n&#8211; &#8211; 210\u00b0 sur cheveux fins et m\u00e8ches<\/p>\n<p>Step 3 &#8211; Finalisation<br \/>\nApr\u00e8s avoir liss\u00e9 les cheveux, attendre quelques minutes et rincez abondamment (il est obligatoire de rincer). Appliquez le masque et laissez agir de 5 \u00e0 10 minutes. Rincez l\u2019exc\u00e8s de produit et s\u00e9chez \u00e0 l\u2019aide d\u2019un s\u00e9choir. Modelez les pointes \u00e0 l\u2019aide d\u2019une brosse ou du fer \u00e0 lisser.<\/p>\n<p>Le lissage au tanin <a class=\"text-link\" href=\"https:\/\/elyssacosmetiques.com\/products\/cocoa-brasilis-home-care\" target=\"_blank\" rel=\"noopener\">cocoa organic\u00a0est disponible en kit<\/a> mini 3&#215;100 ml<\/p>\n<\/div>\n<div class=\"collapsibles-wrapper collapsibles-wrapper--border-bottom\"><\/div>\n","protected":false},"excerpt":{"rendered":"<p>Le <span class=\"BvQan sh-t__title-pdp sh-t__title translate-content\" data-hveid=\"33\">Lissage Au Tanin Elyssa Cosmetiques Cocoa Organic Kit &#8211; 3&#215;1000 ml est\u00a0u<\/span>n nouveau traitement de cheveux qui permet de lisser et hydrater les cheveux en profondeur. Enrichis avec du Cacao et Mol\u00e9cule d\u2019Huile de Ricin, les produits Lissage Au Tanin\u00a0<a class=\"text-link\" href=\"https:\/\/elyssacosmetiques.com\/collections\/cocoa-organic-professionnel\">Cocoa Organic <\/a>garantissent des cheveux brillants, lisses et naturellement sains.<\/p>\n<p>Le Lissage\u00a0Au Tanin\u00a0Cocoa Organic est\u00a0Adapt\u00e9 pour tout type de cheveux et compatible avec toutes techniques.<br \/>\nIl hydrate et \u00e9limine les frisottis tout en favorisant un effet naturel, lisse jusqu&#8217;\u00e0 4\/6 mois.<\/p>\n<p>Kit Professionnel comprenant 1L de Shampooing Dilater,\u00a01L d\u2019Anti-Frisottis et 1L de Masque Nutritif<\/p>\n","protected":false},"featured_media":211,"comment_status":"open","ping_status":"closed","template":"","meta":{"_et_pb_use_builder":"","_et_pb_old_content":"","_et_gb_content_width":""},"product_cat":[21],"product_tag":[],"class_list":["post-197","product","type-product","status-publish","has-post-thumbnail","hentry","product_cat-non-classe"],"_links":{"self":[{"href":"https:\/\/lbatis.com\/index.php\/wp-json\/wp\/v2\/product\/197","targetHints":{"allow":["GET"]}}],"collection":[{"href":"https:\/\/lbatis.com\/index.php\/wp-json\/wp\/v2\/product"}],"about":[{"href":"https:\/\/lbatis.com\/index.php\/wp-json\/wp\/v2\/types\/product"}],"replies":[{"embeddable":true,"href":"https:\/\/lbatis.com\/index.php\/wp-json\/wp\/v2\/comments?post=197"}],"wp:featuredmedia":[{"embeddable":true,"href":"https:\/\/lbatis.com\/index.php\/wp-json\/wp\/v2\/media\/211"}],"wp:attachment":[{"href":"https:\/\/lbatis.com\/index.php\/wp-json\/wp\/v2\/media?parent=197"}],"wp:term":[{"taxonomy":"product_cat","embeddable":true,"href":"https:\/\/lbatis.com\/index.php\/wp-json\/wp\/v2\/product_cat?post=197"},{"taxonomy":"product_tag","embeddable":true,"href":"https:\/\/lbatis.com\/index.php\/wp-json\/wp\/v2\/product_tag?post=197"}],"curies":[{"name":"wp","href":"https:\/\/api.w.org\/{rel}","templated":true}]}}