{"id":213,"date":"2023-03-05T05:25:26","date_gmt":"2023-03-05T04:25:26","guid":{"rendered":"http:\/\/lbatis.com\/?post_type=product&#038;p=213"},"modified":"2023-04-09T15:25:55","modified_gmt":"2023-04-09T13:25:55","slug":"amla-plex","status":"publish","type":"product","link":"https:\/\/lbatis.com\/index.php\/produit\/amla-plex\/","title":{"rendered":"LISSAGE NANO INDIEN AMLA PLEX"},"content":{"rendered":"<p>&nbsp;<\/p>\n<p><strong>Lissage<\/strong> <strong><em>AMLA PLEX Lissage Indien<\/em><\/strong><\/p>\n<p>Elyssa Cosm\u00e9tique a cr\u00e9\u00e9 pour vous le Amla Plex, derni\u00e8re g\u00e9n\u00e9ration de lissage, premier soin capillaire lissant in\u00e9dit \u00e0 la prot\u00e9ine indienne et \u00e0 l\u2019huile d\u2019Amla.<\/p>\n<p>L\u2019huile d\u2019Amla pr\u00e9sente en majorit\u00e9 favorise la pousse du cheveu et freine sa chute.<\/p>\n<p>L\u2019huile de Macadamia, concentr\u00e9 en acide gras, renforce le film hydrolipidique du cuir chevelu et apporte un soin particulier \u00e0 la fibre capillaire.<\/p>\n<p>Le PCA Complex apporte une hydratation profonde et intense aux cheveux les plus endommag\u00e9s.<\/p>\n<p><strong><em>Pour QUI\u00a0?<\/em><\/strong><\/p>\n<p>Le lissage Amla Plex Lissage indien convient \u00e0 tous types de cheveux.<\/p>\n<p><strong><em>R\u00e9sultat\u00a0?<\/em><\/strong><\/p>\n<p><strong>Un cheveu<\/strong>\u00a0:<\/p>\n<p>&#8211; liss\u00e9 \u00e0 100%<\/p>\n<p>&#8211; r\u00e9par\u00e9 profond\u00e9ment.<\/p>\n<p>&#8211; brillant avec un effet naturel.<\/p>\n<p>&#8211; trait\u00e9 pour lutter contre la chute de cheveu.<\/p>\n<p><strong><em>Combien de temps dure le lissage\u00a0?<\/em><\/strong><\/p>\n<p>Le lissage AmlaPlex dure 5 \u00e0 6 mois environ, jusqu\u2019\u00e0 1 an sur certains cheveux<\/p>\n<p><strong><em>Que contient le kit\u00a0?<\/em><\/strong><\/p>\n<ul>\n<li>1 L de shampoing clarifiant, STEP 1<\/li>\n<li>1 L de traitement prot\u00e9ine, STEP 2<\/li>\n<li>200 ml PCA Complex<\/li>\n<\/ul>\n<p>Il est possible de faire 15 \u00e0 20 lissages environ.<\/p>\n<p>&nbsp;<\/p>\n<p>Si vous avez des questions, veuillez consulter notre FAQ.<\/p>\n<h2><strong><em>Mode d\u2019emploi ?<\/em><\/strong><\/h2>\n<p><strong><em>Veillez \u00e0 toujours faire un test avant tout traitement.<\/em><\/strong><\/p>\n<p><strong><u>Step 1\u00a0<\/u><\/strong><\/p>\n<p>&#8211; Laver les cheveux 2 \u00e0 3 fois avec le Shampoing Clarifiant Dilater &#8211; Step 1 (attention \u00e0 ne pas frotter le cuir chevelu)<br \/>\n&#8211; Au dernier shampoing, laisser poser 5 minutes le shampoing (en fonction du cheveu), puis rincer<br \/>\n&#8211; Essorer les cheveux avec une serviette puis les s\u00e9cher \u00e0 l\u2019aide du s\u00e8che-cheveux \u00e0 80%<br \/>\n&#8211; Ne pas brosser ou d\u00e9m\u00ealer les cheveux afin de ne pas refermer les cuticules<br \/>\n&#8211; Diviser les cheveux en 4 ou 6 parties afin de les pr\u00e9parer \u00e0 recevoir le traitement<\/p>\n<p><strong><u>\u00c9tape 2\u00a0<\/u><\/strong><\/p>\n<p>&#8211; Agiter le flacon (Step 2)et m\u00e9langer 100ml de prot\u00e9ine pour 20ml de PCA Complex<br \/>\n&#8211; Appliquer le traitement \u00e0 1cm du cuir chevelu en commen\u00e7ant par la nuque<br \/>\n&#8211; Passer un peigne fin plusieurs fois pour une bonne r\u00e9partition du produit<br \/>\n&#8211; Laisser le produit agir 60 minutes. Pour un meilleur r\u00e9sultat, envelopper le cheveu sous une charlotte ou un film plastique<\/p>\n<p><strong><u>\u00c9tape 3<\/u><\/strong><\/p>\n<p>&#8211; Rincer le cheveu \u00e0 50%<\/p>\n<p><strong><u>\u00c9tape 4<\/u><\/strong><strong><u><br \/>\n<\/u><\/strong><br \/>\n&#8211; S\u00e9cher \u00e0 100% le cheveu<\/p>\n<p>&#8211; Diviser les cheveux en 4 ou 6 sections<br \/>\n&#8211; Passer le fer \u00e0 lisser plusieurs fois sur des m\u00e8ches fines(voir tableau temp\u00e9ratures et passages)<\/p>\n<p>Laisser votre lissage 4 \u00e0 5 jours en repassant le fer \u00e0 lisser chaque jour afin d\u2019optimiser le r\u00e9sultat<\/p>\n<p>Pour une tenue optimale, utiliser les soins Amla Home care<\/p>\n<p>&nbsp;<\/p>\n<h3><u>Temp\u00e9rature du fer \u00e0 lisser en fonction\u00a0 de chaque cheveu:<\/u><\/h3>\n<p>Cheveux naturels, normaux, \u00e9pais, boucl\u00e9s, fris\u00e9s\u00a0: 230 degr\u00e9s<\/p>\n<p>Cheveux naturels, color\u00e9s, fins\u00a0: 210 degr\u00e9s<\/p>\n<p>Cheveux d\u00e9color\u00e9s et abim\u00e9s: 180 degr\u00e9s<\/p>\n<p><u>Nombre passages du fer \u00e0 lisser\u00a0:<\/u><\/p>\n<p>Racines fris\u00e9s\u00a0: 10 \u00e0 20 passages<\/p>\n<p>Racines boucl\u00e9s\u00a0: 10 \u00e0 15 passages<\/p>\n<p>Longueurs fris\u00e9s\u00a0: 10 \u00e0 15 passages<\/p>\n<p>Longueurs boucl\u00e9s\u00a0: 10 \u00e0 15 passages<\/p>\n<h5><\/h5>\n","protected":false},"excerpt":{"rendered":"<p><strong>Lissage<\/strong> <strong><em>AMLA PLEX Lissage Indien<\/em><\/strong><\/p>\n<p>Elyssa Cosm\u00e9tique a cr\u00e9\u00e9 pour vous le Amla Plex, derni\u00e8re g\u00e9n\u00e9ration de lissage, premier soin capillaire lissant in\u00e9dit \u00e0 la prot\u00e9ine indienne et \u00e0 l\u2019huile d\u2019Amla.<\/p>\n<p>L\u2019huile d\u2019Amla pr\u00e9sente en majorit\u00e9 favorise la pousse du cheveu et freine sa chute.<\/p>\n<p>L\u2019huile de Macadamia, concentr\u00e9 en acide gras, renforce le film hydrolipidique du cuir chevelu et apporte un soin particulier \u00e0 la fibre capillaire.<\/p>\n<p>Le PCA Complex apporte une hydratation profonde et intense aux cheveux les plus endommag\u00e9s<\/p>\n","protected":false},"featured_media":210,"comment_status":"open","ping_status":"closed","template":"","meta":{"_et_pb_use_builder":"","_et_pb_old_content":"","_et_gb_content_width":""},"product_cat":[21],"product_tag":[],"class_list":["post-213","product","type-product","status-publish","has-post-thumbnail","hentry","product_cat-non-classe"],"_links":{"self":[{"href":"https:\/\/lbatis.com\/index.php\/wp-json\/wp\/v2\/product\/213","targetHints":{"allow":["GET"]}}],"collection":[{"href":"https:\/\/lbatis.com\/index.php\/wp-json\/wp\/v2\/product"}],"about":[{"href":"https:\/\/lbatis.com\/index.php\/wp-json\/wp\/v2\/types\/product"}],"replies":[{"embeddable":true,"href":"https:\/\/lbatis.com\/index.php\/wp-json\/wp\/v2\/comments?post=213"}],"wp:featuredmedia":[{"embeddable":true,"href":"https:\/\/lbatis.com\/index.php\/wp-json\/wp\/v2\/media\/210"}],"wp:attachment":[{"href":"https:\/\/lbatis.com\/index.php\/wp-json\/wp\/v2\/media?parent=213"}],"wp:term":[{"taxonomy":"product_cat","embeddable":true,"href":"https:\/\/lbatis.com\/index.php\/wp-json\/wp\/v2\/product_cat?post=213"},{"taxonomy":"product_tag","embeddable":true,"href":"https:\/\/lbatis.com\/index.php\/wp-json\/wp\/v2\/product_tag?post=213"}],"curies":[{"name":"wp","href":"https:\/\/api.w.org\/{rel}","templated":true}]}}