{"id":218,"date":"2023-03-05T05:29:52","date_gmt":"2023-03-05T04:29:52","guid":{"rendered":"http:\/\/lbatis.com\/?post_type=product&#038;p=218"},"modified":"2023-04-28T13:53:20","modified_gmt":"2023-04-28T11:53:20","slug":"uniq-one-revlon","status":"publish","type":"product","link":"https:\/\/lbatis.com\/index.php\/produit\/uniq-one-revlon\/","title":{"rendered":"Uniq One Revlon"},"content":{"rendered":"<div>\n<div id=\"detailBlock\">\n<div id=\"detailText\">Ce traitement capillaire embl\u00e9matique Uniq One est indubitablement polyvalent et offre 10 bienfaits aux cheveux. Il peut faire des merveilles sur les cheveux mouill\u00e9s ou secs, partout et \u00e0 tout moment. C&#8217;est un masque en spray sans rin\u00e7age multi-b\u00e9n\u00e9fices.<\/p>\n<p><b class=\"dtsl\">10 bienfaits essentiels :<\/b><\/p>\n<ul class=\"detail\">\n<li>R\u00e9pare les cheveux secs et ab\u00eem\u00e9s<\/li>\n<li>Discipline et \u00e9limine les frisottis<\/li>\n<li>Prot\u00e8ge de la chaleur<\/li>\n<li>Assouplit et adoucit<\/li>\n<li>Prot\u00e8ge les cheveux color\u00e9s avec des filtres UVA\/UVB<\/li>\n<li>Facilite le s\u00e9chage et le lissage<\/li>\n<li>D\u00e9m\u00eale efficacement<\/li>\n<li>Prolonge le coiffage<\/li>\n<li>Aide \u00e0 pr\u00e9venir les pointes fourchues<\/li>\n<li>Texturise<\/li>\n<\/ul>\n<p><b class=\"dtsl\">Parfum :<\/b><br \/>\nOriginal<\/p>\n<p><b class=\"dtsl\">Application sur cheveux humides :<\/b><br \/>\nVaporiser sur les cheveux \u00e0 une distance de 20 cm.<\/p>\n<ul class=\"detail\">\n<li>Cheveux courts &gt; pulv\u00e9riser 6-8x<\/li>\n<li>Cheveux mi-longs &gt; pulv\u00e9riser 7-12x<\/li>\n<li>Cheveux longs &gt; pulv\u00e9riser 10-15x<\/li>\n<\/ul>\n<p>Peignez les cheveux. Ne pas rincer. Coiffez vos cheveux comme d&#8217;habitude : s\u00e9chez-les au s\u00e8che-cheveux, lissez-les ou s\u00e9chez-les \u00e0 l&#8217;air libre. Utilisez ce soin comme vous le souhaitez.<\/p>\n<p><b class=\"dtsl\">Application sur cheveux secs :<\/b><br \/>\nVaporisez dans le creux de la main. R\u00e9partissez le produit entre vos paumes et appliquez-le des longueurs aux pointes.<\/p>\n<ul class=\"detail\">\n<li>Cheveux courts &gt; pulv\u00e9riser 2-3x<\/li>\n<li>Cheveux mi-longs &gt; pulv\u00e9riser 3-5x<\/li>\n<li>Cheveux longs &gt; pulv\u00e9riser 4-6x<\/li>\n<\/ul>\n<p>Si vous le souhaitez, coiffez vos cheveux avec un s\u00e8che-cheveux ou un lisseur. Utilisez ce soin comme vous le souhaitez.<\/p><\/div>\n<\/div>\n<\/div>\n","protected":false},"excerpt":{"rendered":"<p>Ce traitement capillaire embl\u00e9matique Uniq One est indubitablement polyvalent et offre 10 bienfaits aux cheveux. Il peut faire des merveilles sur les cheveux mouill\u00e9s ou secs, partout et \u00e0 tout moment. C&#8217;est un masque en spray sans rin\u00e7age multi-b\u00e9n\u00e9fices.<\/p>\n","protected":false},"featured_media":205,"comment_status":"open","ping_status":"closed","template":"","meta":{"_et_pb_use_builder":"","_et_pb_old_content":"","_et_gb_content_width":""},"product_cat":[25],"product_tag":[],"class_list":["post-218","product","type-product","status-publish","has-post-thumbnail","hentry","product_cat-categorie-2"],"_links":{"self":[{"href":"https:\/\/lbatis.com\/index.php\/wp-json\/wp\/v2\/product\/218","targetHints":{"allow":["GET"]}}],"collection":[{"href":"https:\/\/lbatis.com\/index.php\/wp-json\/wp\/v2\/product"}],"about":[{"href":"https:\/\/lbatis.com\/index.php\/wp-json\/wp\/v2\/types\/product"}],"replies":[{"embeddable":true,"href":"https:\/\/lbatis.com\/index.php\/wp-json\/wp\/v2\/comments?post=218"}],"wp:featuredmedia":[{"embeddable":true,"href":"https:\/\/lbatis.com\/index.php\/wp-json\/wp\/v2\/media\/205"}],"wp:attachment":[{"href":"https:\/\/lbatis.com\/index.php\/wp-json\/wp\/v2\/media?parent=218"}],"wp:term":[{"taxonomy":"product_cat","embeddable":true,"href":"https:\/\/lbatis.com\/index.php\/wp-json\/wp\/v2\/product_cat?post=218"},{"taxonomy":"product_tag","embeddable":true,"href":"https:\/\/lbatis.com\/index.php\/wp-json\/wp\/v2\/product_tag?post=218"}],"curies":[{"name":"wp","href":"https:\/\/api.w.org\/{rel}","templated":true}]}}