{"id":219,"date":"2023-03-05T05:30:44","date_gmt":"2023-03-05T04:30:44","guid":{"rendered":"http:\/\/lbatis.com\/?post_type=product&#038;p=219"},"modified":"2023-05-31T08:33:23","modified_gmt":"2023-05-31T06:33:23","slug":"big-hair-big-dreams-2","status":"publish","type":"product","link":"https:\/\/lbatis.com\/index.php\/produit\/big-hair-big-dreams-2\/","title":{"rendered":"GAMME COLLAGENE  &#8211; UNIK ONE"},"content":{"rendered":"<div class=\"tabs-wrapper product-tabs-wrapper product-tabs-wrapper--tabs\">\n<div class=\"product-tabs\" data-tabs-holder=\"\">\n<div class=\"tabs__head product-tabs__head\">\n<p>&nbsp;<\/p>\n<\/div>\n<div class=\"rte tab-content tab-content-0 current\">\n<div class=\"tab-content__holder tab-content__holder--truncate\">\n<div class=\"tab-content__inner\">\n<div class=\"tab-content__entry\" data-truncated-content=\"tab-content__entry--truncate\">\n<p><strong>\u2713<\/strong> Maintient et accentue la d\u00e9finition des boucles naturelles<\/p>\n<p><strong>\u2713 <\/strong>R\u00e9pare les cheveux secs et tr\u00e8s abim\u00e9s<\/p>\n<p><strong>\u2713<\/strong>\u00a0Effet\u00a0assouplissant et\u00a0soyeux<\/p>\n<p><strong>\u2713<\/strong>\u00a0Hydrate et nourrit des\u00a0racines jusqu&#8217;aux pointes<\/p>\n<p><strong>\u2713<\/strong>\u00a0Pr\u00e9vient les fourches et dompte les frisottis<\/p>\n<p><strong>\u2713<\/strong>\u00a0Acc\u00e9l\u00e8re la pousse<\/p>\n<p><strong>\u2713<\/strong>\u00a0Transformation\u00a0visible d\u00e8s la premi\u00e8re utilisation !<\/p>\n<\/div>\n<\/div>\n<\/div>\n<\/div>\n<div class=\"rte tab-content tab-content-1\">\n<div class=\"metafield-rich_text_field\">\n<p>&nbsp;<\/p>\n<p>Je suis le kit complet de la gamme Collag\u00e8ne formul\u00e9e pour les cheveux textur\u00e9s (cr\u00e9pus, fris\u00e9s, boucl\u00e9s), secs \u00e0 extr\u00eamement secs. Je comprends 500 ml de shampooing, 500 ml de masque, 100 ml de <em>leave-in<\/em>.<\/p>\n<p>Mon principal atout : une des formulations les plus riches de l&#8217;offre Uniikone. Compos\u00e9 entre autres de biotine, de beurre de karit\u00e9, de collag\u00e8ne, de k\u00e9ratine et d&#8217;aloe vera, je conviens \u00e9galement aux cheveux raides qui b\u00e9n\u00e9ficient ainsi de mon incroyable concentration en agents hydratants et nutritifs.<\/p>\n<p>Gr\u00e2ce \u00e0 l\u2019action combin\u00e9e de ces \u00e9l\u00e9ments, je gaine et p\u00e9n\u00e8tre jusqu\u2019au c\u0153ur de la fibre capillaire afin de lui procurer une protection optimale contre la d\u00e9shydratation et les agressions ext\u00e9rieures. Je suis le dernier recours des chevelures en d\u00e9tresse et mes r\u00e9sultats sont stup\u00e9fiants d\u00e8s la premi\u00e8re application.<\/p>\n<p>Avec moi, pr\u00e9pare-toi \u00e0 une BIG \u00e9volution !<\/p>\n<p>&nbsp;<\/p>\n<p>&nbsp;<\/p>\n<p>&nbsp;<\/p>\n<\/div>\n<\/div>\n<div class=\"rte tab-content tab-content-2\">\n<div class=\"metafield-rich_text_field\">\n<p>&nbsp;<\/p>\n<p>&nbsp;<\/p>\n<p>&nbsp;<\/p>\n<p>&nbsp;<\/p>\n<p>&nbsp;<\/p>\n<\/div>\n<\/div>\n<\/div>\n<\/div>\n<p><center><strong>&#8220;Nous expedions vite et bien !&#8221;<\/strong><\/center>&nbsp;<\/p>\n","protected":false},"excerpt":{"rendered":"<div class=\"product__title__wrapper\" data-zoom-caption=\"\">\n<h1 class=\"product__title\">Gamme Collag\u00e8ne &#8211; Kit complet &#8211; Shampooing, masque et leave-in<\/h1>\n<div class=\"product__price__wrap\"><\/div>\n<\/div>\n<div id=\"shopify-block-dbd396bd-5846-47bf-8b82-ec372edbbddd\" class=\"shopify-block shopify-app-block\">\n<div class=\"loox-rating\" title=\"4.8 rating (155 votes)\" data-id=\"7978335797469\" data-rating=\"4.8\" data-raters=\"155\" aria-label=\"4.8 rating (155 votes)\" data-rating-upgraded=\"1\">\n<div class=\"loox-rating-content\"><strong style=\"color: #333333;\">Une gamme innovante pour cheveux textur\u00e9s, secs \u00e0 extr\u00eamement secs. Une formule ultra r\u00e9paratrice et nourrissante gr\u00e2ce au beurre de karit\u00e9, au collag\u00e8ne et \u00e0 l\u2019aloe vera.54<\/strong><\/div>\n<\/div>\n<\/div>\n","protected":false},"featured_media":204,"comment_status":"open","ping_status":"closed","template":"","meta":{"_et_pb_use_builder":"","_et_pb_old_content":"","_et_gb_content_width":""},"product_cat":[25],"product_tag":[],"class_list":["post-219","product","type-product","status-publish","has-post-thumbnail","hentry","product_cat-categorie-2"],"_links":{"self":[{"href":"https:\/\/lbatis.com\/index.php\/wp-json\/wp\/v2\/product\/219","targetHints":{"allow":["GET"]}}],"collection":[{"href":"https:\/\/lbatis.com\/index.php\/wp-json\/wp\/v2\/product"}],"about":[{"href":"https:\/\/lbatis.com\/index.php\/wp-json\/wp\/v2\/types\/product"}],"replies":[{"embeddable":true,"href":"https:\/\/lbatis.com\/index.php\/wp-json\/wp\/v2\/comments?post=219"}],"wp:featuredmedia":[{"embeddable":true,"href":"https:\/\/lbatis.com\/index.php\/wp-json\/wp\/v2\/media\/204"}],"wp:attachment":[{"href":"https:\/\/lbatis.com\/index.php\/wp-json\/wp\/v2\/media?parent=219"}],"wp:term":[{"taxonomy":"product_cat","embeddable":true,"href":"https:\/\/lbatis.com\/index.php\/wp-json\/wp\/v2\/product_cat?post=219"},{"taxonomy":"product_tag","embeddable":true,"href":"https:\/\/lbatis.com\/index.php\/wp-json\/wp\/v2\/product_tag?post=219"}],"curies":[{"name":"wp","href":"https:\/\/api.w.org\/{rel}","templated":true}]}}