{"id":220,"date":"2023-03-05T05:32:02","date_gmt":"2023-03-05T04:32:02","guid":{"rendered":"http:\/\/lbatis.com\/?post_type=product&#038;p=220"},"modified":"2023-04-28T13:52:56","modified_gmt":"2023-04-28T11:52:56","slug":"modelage-kit-entretien-elysa-cosmetiques","status":"publish","type":"product","link":"https:\/\/lbatis.com\/index.php\/produit\/modelage-kit-entretien-elysa-cosmetiques\/","title":{"rendered":"SHAMPOING ET MASQUE ENTRETIEN LISSAGE- 2X500ML"},"content":{"rendered":"<div class=\"prod-details\">\n<div class=\"prod_blocks prod-details__onglets\">\n<div class=\"prod_infos prod_details open\">\n<div class=\"prod_infos_wrapper\">\n<div class=\"\">\n<p>Le shampoing et masque Entretien lissage Modelage 2X 500ml est un traitement lissant adapt\u00e9 \u00e0 tous les types de cheveux.<\/p>\n<p>Il fortifie et renforce \u00e9galement la fibre capillaire, tout en assurant l\u2019<strong>effet lissant et l\u2019anti frizz.<\/strong><\/p>\n<p>Le <strong>duo pack entretien lissage<\/strong> comprend deux \u00e9l\u00e9ments :<\/p>\n<ul>\n<li>Le shampoing entretien lissage modelage 2x 500ml<\/li>\n<li>Le masque entretien lissage modelage 500g<\/li>\n<\/ul>\n<p><strong>Caract\u00e9ristiques<\/strong><\/p>\n<p>Les produits lissage modelage <strong>strong effect<\/strong> dispose de nombreuses caract\u00e9ristiques :<\/p>\n<ul>\n<li>Dot\u00e9s d\u2019actifs r\u00e9volutionnaires, \u00e0 l\u2019instar des <strong>acides lactique<\/strong>, du <strong>collag\u00e8ne<\/strong> et de la <strong>prot\u00e9ine de soja\u00a0<\/strong><\/li>\n<li>Adapt\u00e9s \u00e0 tous les types de cheveux<\/li>\n<li>R\u00e9ducteur de volume et effet anti frisottis<\/li>\n<li>R\u00e9sultat imm\u00e9diat et durable<\/li>\n<\/ul>\n<p><strong>Avantages Shampoing et masque Entretien lissage Modelage<\/strong><\/p>\n<p>L\u2019avantage du traitement lissant repose essentiellement sur sa composition, \u00e9tant constitu\u00e9 d\u2019\u00e9l\u00e9ments actifs naturels. L\u2019acide lactique favorise la nutrition et l\u2019hydratation du cheveu. Il est aussi responsable de l\u2019\u00e9clat et de la brillance. Le collag\u00e8ne, quant \u00e0 lui, est connu pour son r\u00f4le\u00a0<strong>reconstructeur<\/strong><strong>.<\/strong> Il remet, par exemple, l\u2019\u00e9lasticit\u00e9 des cheveux et les prot\u00e8ge contre les \u00e9ventuelles agressions ext\u00e9rieures. Il agit \u00e9galement sur les cheveux endommag\u00e9s, secs et ternes en les offrant de la vitalit\u00e9 et en leur redonnant du volume.<\/p>\n<p>Enfin, la prot\u00e9ine de soja sert \u00e0 nourrir la chevelure. Elle est notamment utile en cas de carence en \u00e9l\u00e9ments nutritifs apr\u00e8s l\u2019usage r\u00e9p\u00e9t\u00e9 de produits chimiques. Elle garantit un effet imm\u00e9diat.<\/p>\n<p>&nbsp;<\/p>\n<p><em><strong>Mode d\u2019emploi:<\/strong><\/em><\/p>\n<p><em>L\u2019utilisation du Shampoing et masque entretien lissage Modelage 2X 500ml se fait en deux \u00e9tapes :<\/em><\/p>\n<p>&nbsp;<\/p>\n<ul>\n<li><em>Lavez vos cheveux avec le shampoing. Vous pouvez proc\u00e9der une fois ou deux fois, selon l\u2019\u00e9tat de votre chevelure. S\u00e9chez \u00e0 80 %.<\/em><\/li>\n<li><em>Appliquez le traitement modelage sur toute la chevelure. R\u00e9partissez d\u2019une mani\u00e8re uniforme. Puis laissez reposer pendant 20 min \u00e0 60 min selon le cheveu. S\u00e9chez puis lissez avec un fer ou une brosse \u00e0 lisser.<\/em><\/li>\n<\/ul>\n<p>&nbsp;<\/p>\n<\/div>\n<\/div>\n<\/div>\n<div class=\"prod_infos prod_rate\">\n<div class=\"prod_infos_wrapper\">\n<div class=\"prod_infos_title\"><\/div>\n<div class=\"\">\n<div class=\"prod-rate__empty\">\n<div class=\"prod-rate__stars\"><\/div>\n<p class=\"prod-rate__empty__text\">\n<\/div>\n<\/div>\n<\/div>\n<\/div>\n<\/div>\n<\/div>\n<div class=\"wrapper\">\n<div class=\"prod prod--listCross justify-content-center\">\n<div class=\"ql-size-large bold align-center uppercase\">\u00a0VOUS AIMERE<\/div>\n<\/div>\n<\/div>\n","protected":false},"excerpt":{"rendered":"<div class=\"prod-details\">\n<div class=\"prod_blocks prod-details__onglets\">\n<div class=\"prod_infos prod_details open\">\n<div class=\"prod_infos_wrapper\">\n<div class=\"\">\n<p>Le shampoing et masque Entretien lissage Modelage 2X 500ml est un traitement lissant adapt\u00e9 \u00e0 tous les types de cheveux.<\/p>\n<p>Il fortifie et renforce \u00e9galement la fibre capillaire, tout en assurant l\u2019<strong>effet lissant et l\u2019anti frizz.<\/strong><\/p>\n<p>Le <strong>duo pack entretien lissage<\/strong> comprend deux \u00e9l\u00e9ments :<\/p>\n<ul>\n<li>Le shampoing entretien lissage modelage 2x 500ml<\/li>\n<li>Le masque entretien lissage modelage 500g<\/li>\n<\/ul>\n<p><strong>Caract\u00e9ristiques<\/strong><\/p>\n<p>Les produits lissage modelage <strong>strong effect<\/strong> dispose de nombreuses caract\u00e9ristiques :<\/p>\n<ul>\n<li>Dot\u00e9s d\u2019actifs r\u00e9volutionnaires, \u00e0 l\u2019instar des <strong>acides lactique<\/strong>, du <strong>collag\u00e8ne<\/strong> et de la <strong>prot\u00e9ine de soja\u00a0<\/strong><\/li>\n<li>Adapt\u00e9s \u00e0 tous les types de cheveux<\/li>\n<li>R\u00e9ducteur de volume et effet anti frisottis<\/li>\n<li>R\u00e9sultat imm\u00e9diat et durable<\/li>\n<\/ul>\n<p><strong>Avantages Shampoing et masque Entretien lissage Modelage<\/strong><\/p>\n<p>L\u2019avantage du traitement lissant repose essentiellement sur sa composition, \u00e9tant constitu\u00e9 d\u2019\u00e9l\u00e9ments actifs naturels. L\u2019acide lactique favorise la nutrition et l\u2019hydratation du cheveu. Il est aussi responsable de l\u2019\u00e9clat et de la brillance. Le collag\u00e8ne, quant \u00e0 lui, est connu pour son r\u00f4le\u00a0<strong>reconstructeur<\/strong><strong>.<\/strong> Il remet, par exemple, l\u2019\u00e9lasticit\u00e9 des cheveux et les prot\u00e8ge contre les \u00e9ventuelles agressions ext\u00e9rieures. Il agit \u00e9galement sur les cheveux endommag\u00e9s, secs et ternes en les offrant de la vitalit\u00e9 et en leur redonnant du volume.<\/p>\n<p>Enfin, la prot\u00e9ine de soja sert \u00e0 nourrir la chevelure. Elle est notamment utile en cas de carence en \u00e9l\u00e9ments nutritifs apr\u00e8s l\u2019usage r\u00e9p\u00e9t\u00e9 de produits chimiques. Elle garantit un effet imm\u00e9diat.<\/p>\n<\/div>\n<\/div>\n<\/div>\n<\/div>\n<\/div>\n","protected":false},"featured_media":203,"comment_status":"open","ping_status":"closed","template":"","meta":{"_et_pb_use_builder":"","_et_pb_old_content":"","_et_gb_content_width":""},"product_cat":[25],"product_tag":[],"class_list":["post-220","product","type-product","status-publish","has-post-thumbnail","hentry","product_cat-categorie-2"],"_links":{"self":[{"href":"https:\/\/lbatis.com\/index.php\/wp-json\/wp\/v2\/product\/220","targetHints":{"allow":["GET"]}}],"collection":[{"href":"https:\/\/lbatis.com\/index.php\/wp-json\/wp\/v2\/product"}],"about":[{"href":"https:\/\/lbatis.com\/index.php\/wp-json\/wp\/v2\/types\/product"}],"replies":[{"embeddable":true,"href":"https:\/\/lbatis.com\/index.php\/wp-json\/wp\/v2\/comments?post=220"}],"wp:featuredmedia":[{"embeddable":true,"href":"https:\/\/lbatis.com\/index.php\/wp-json\/wp\/v2\/media\/203"}],"wp:attachment":[{"href":"https:\/\/lbatis.com\/index.php\/wp-json\/wp\/v2\/media?parent=220"}],"wp:term":[{"taxonomy":"product_cat","embeddable":true,"href":"https:\/\/lbatis.com\/index.php\/wp-json\/wp\/v2\/product_cat?post=220"},{"taxonomy":"product_tag","embeddable":true,"href":"https:\/\/lbatis.com\/index.php\/wp-json\/wp\/v2\/product_tag?post=220"}],"curies":[{"name":"wp","href":"https:\/\/api.w.org\/{rel}","templated":true}]}}