{"id":223,"date":"2023-03-05T05:34:42","date_gmt":"2023-03-05T04:34:42","guid":{"rendered":"http:\/\/lbatis.com\/?post_type=product&#038;p=223"},"modified":"2023-04-28T13:52:01","modified_gmt":"2023-04-28T11:52:01","slug":"spray-prottetivo-capelli","status":"publish","type":"product","link":"https:\/\/lbatis.com\/index.php\/produit\/spray-prottetivo-capelli\/","title":{"rendered":"SPRAY PROTECTEUR PISCINE\/MER"},"content":{"rendered":"<h2 id=\"description\" class=\"tab-list-title ab-spt-title\">\u00c0 propos du produit <span class=\"ab-spt-grayscale\">Spray solaire protecteur pour cheveux (parfum bois\u00e9-musqu\u00e9) &#8211; Chogan<\/span><\/h2>\n<div id=\"content_description\" class=\"ty-wysiwyg-content content-description\">\n<div>Le spray solaire protecteur pour cheveux <strong>Chogan<\/strong> est <strong>bas<\/strong>\u00e9 sur des ingr\u00e9dients v\u00e9g\u00e9taux nourrissants et \u00e9mollients tels que l&#8217;huile de lin, l&#8217;huile d&#8217;argan, l&#8217;huile de noix de Coco, l&#8217;aloe vera et le beurre de karit\u00e9, qui revigorent les cheveux de la racine \u00e0 la pointe et les prot\u00e8gent contre les <strong>rayons UV<\/strong> ; il existe \u00e9galement un filtre solaire photostable, id\u00e9al pour les cheveux et le <strong>cuir chevelu<\/strong>expos\u00e9s au <strong>soleil<\/strong> ; appliqu\u00e9 sur toute la chevelure, il cr\u00e9e un voile protecteur qui pr\u00e9serve l&#8217;hydratation et donne aux cheveux un aspect soyeux sans les rendre gras ou lourds.<\/div>\n<\/div>\n<h2 id=\"features\" class=\"tab-list-title ab-spt-title\">Caract\u00e9ristiques du produit<\/h2>\n<div id=\"content_features\" class=\"ty-wysiwyg-content content-features\">\n<div class=\"fg-two-col\">\n<div class=\"ty-product-feature-group\">\n<div class=\"ty-subheader\">Caract\u00e9ristiques g\u00e9n\u00e9rales<\/div>\n<div class=\"ty-product-feature\">\n<div class=\"ty-product-feature__label\">Origine<\/div>\n<div class=\"ty-product-feature__value\">Hors Europe<\/div>\n<\/div>\n<div class=\"ty-product-feature\">\n<div class=\"ty-product-feature__label\">Marque<\/div>\n<div class=\"ty-product-feature__value\">Chogan<\/div>\n<\/div>\n<\/div>\n<div class=\"ty-product-feature-group\">\n<div class=\"ty-subheader\">Informations sur le produit<\/div>\n<div class=\"ty-product-feature\">\n<div class=\"ty-product-feature__label\">Zone d&#8217;application<\/div>\n<div class=\"ty-product-feature__value\">\n<ul class=\"ty-product-feature__multiple \">\n<li class=\"ty-product-feature__multiple-item\">Cheveux<\/li>\n<\/ul>\n<\/div>\n<\/div>\n<div class=\"ty-product-feature\">\n<div class=\"ty-product-feature__label\">Type de peau<\/div>\n<div class=\"ty-product-feature__value\">Tout type de peau<\/div>\n<\/div>\n<div class=\"ty-product-feature\">\n<div class=\"ty-product-feature__label\">Format<\/div>\n<div class=\"ty-product-feature__value\">Spray<\/div>\n<\/div>\n<div class=\"ty-product-feature\">\n<div class=\"ty-product-feature__label\">Test\u00e9 sous contr\u00f4le dermatologique<\/div>\n<div class=\"ty-product-feature__value\">Ou<\/div>\n<\/div>\n<\/div>\n<\/div>\n<\/div>\n","protected":false},"excerpt":{"rendered":"<p>\u00c0 propos du produit Spray solaire protecteur pour cheveux (parfum bois\u00e9-musqu\u00e9) &#8211; Chogan Le spray solaire protecteur pour cheveux Chogan est bas\u00e9 sur des ingr\u00e9dients v\u00e9g\u00e9taux nourrissants et \u00e9mollients tels que l&#8217;huile de lin, l&#8217;huile d&#8217;argan, l&#8217;huile de noix de Coco, l&#8217;aloe vera et le beurre de karit\u00e9, qui revigorent les cheveux de la racine [&hellip;]<\/p>\n","protected":false},"featured_media":200,"comment_status":"open","ping_status":"closed","template":"","meta":{"_et_pb_use_builder":"","_et_pb_old_content":"","_et_gb_content_width":""},"product_cat":[25],"product_tag":[],"class_list":["post-223","product","type-product","status-publish","has-post-thumbnail","hentry","product_cat-categorie-2"],"_links":{"self":[{"href":"https:\/\/lbatis.com\/index.php\/wp-json\/wp\/v2\/product\/223","targetHints":{"allow":["GET"]}}],"collection":[{"href":"https:\/\/lbatis.com\/index.php\/wp-json\/wp\/v2\/product"}],"about":[{"href":"https:\/\/lbatis.com\/index.php\/wp-json\/wp\/v2\/types\/product"}],"replies":[{"embeddable":true,"href":"https:\/\/lbatis.com\/index.php\/wp-json\/wp\/v2\/comments?post=223"}],"wp:featuredmedia":[{"embeddable":true,"href":"https:\/\/lbatis.com\/index.php\/wp-json\/wp\/v2\/media\/200"}],"wp:attachment":[{"href":"https:\/\/lbatis.com\/index.php\/wp-json\/wp\/v2\/media?parent=223"}],"wp:term":[{"taxonomy":"product_cat","embeddable":true,"href":"https:\/\/lbatis.com\/index.php\/wp-json\/wp\/v2\/product_cat?post=223"},{"taxonomy":"product_tag","embeddable":true,"href":"https:\/\/lbatis.com\/index.php\/wp-json\/wp\/v2\/product_tag?post=223"}],"curies":[{"name":"wp","href":"https:\/\/api.w.org\/{rel}","templated":true}]}}