{"id":491,"date":"2023-09-13T09:13:21","date_gmt":"2023-09-13T07:13:21","guid":{"rendered":"https:\/\/lbatis.com\/?post_type=product&#038;p=491"},"modified":"2023-10-02T17:16:41","modified_gmt":"2023-10-02T15:16:41","slug":"lisseur-lizze-extreme","status":"publish","type":"product","link":"https:\/\/lbatis.com\/index.php\/produit\/lisseur-lizze-extreme\/","title":{"rendered":"Lisseur lizze Extreme"},"content":{"rendered":"<div id=\"presContent\" class=\"o-block__content o-block__content--white\">\n<div class=\"fpBlk testSep extCode\" data-provider=\"None\">Le lisseur Extreme Tit\u00e2nio 250\u00b0 C de Lizze, fabrication br\u00e9silienne, le meilleur lisseur du monde r\u00e9serv\u00e9 aux professionnels. La temp\u00e9rature peut monter jusqu&#8217;\u00e0 250\u00b0, temp\u00e9rature id\u00e9ale pour les professionnels de la coiffure*. Sa conception b\u00e9n\u00e9ficie de l&#8217;apport de la derni\u00e8re g\u00e9n\u00e9ration de technologies afin de fournir confort et r\u00e9sultats au professionnel sans endommager le cheveu. Son pouvoir thermique est renforc\u00e9 par sa conduction maximale pour une efficacit\u00e9 optimale. La technologie MCH offre une c\u00e9ramique tr\u00e8s r\u00e9sistante sans perte de temp\u00e9rature. Cela permet au professionnel de r\u00e9ussir son lissage. Ses plaques rev\u00eatues de titane ont plusieurs avantage : Cela permet de prot\u00e9ger les cheveux Le processus de lissage devient : plus rapide plus pr\u00e9cis uniforme Cela apporte aux cheveux : plus de brillance plus de douceur Le lisseur Lizze Extreme a un \u00e9cran \u00e0 LED (affichage en degr\u00e9s Farenheit) et c\u00e2ble rotatif pour un meilleur confort d&#8217;utilisation. \u00a0La temp\u00e9rature 250\u00b0 C est r\u00e9serv\u00e9e uniquement au processus de lissage br\u00e9silien, cor\u00e9en ou japonais car le produit utilis\u00e9 contient des agents protecteurs. De plus, la temp\u00e9rature de 250\u00b0 C (480\u00b0 F) est r\u00e9serv\u00e9e aux cheveux \u00e0 fils \u00e9pais et naturels, n&#8217;ayant subi ni coloration ni d\u00e9coloration. Pour un usage quotidien, ne pas d\u00e9passer 180\u00b0 C. Il vaut mieux, en effet, passer plusieurs fois le lisseur \u00e0 une temp\u00e9rature plus douce sur une m\u00e8che en s&#8217;arr\u00eatant d\u00e8s l&#8217;effet obtenu qu&#8217;\u00e0 temp\u00e9rature maximum en risquant d&#8217;ab\u00eemer les cheveux voire la peau. AVERTISSEMENT : NE PAS UTILISER SUR LES CHEVEUX SYNTH\u00c9TIQUES OU MOUILL\u00c9S.<\/div>\n<\/div>\n<div id=\"desc\" class=\"anchor\"><\/div>\n<div id=\"descContent\" class=\"o-block__content o-block__content--white u-mb-xl\">\n<div class=\"fpBlk testSep\" data-cs-override-id=\"Descriptif\">\n<p class=\"fpMb\">Le lisseur Extreme Tit\u00e2nio 250\u00b0 C de Lizze, fabrication br\u00e9silienne, le meilleur lisseur du monde r\u00e9serv\u00e9 aux professionnels. La temp\u00e9rature peut monter jusqu&#8217;\u00e0 250\u00b0, temp\u00e9rature id\u00e9ale pour les professionnels de la coiffure*. Sa conception b\u00e9n\u00e9fic<\/p>\n<div class=\"regBloc no1023 \">\n<div id=\"gpt-R2-300X250BODY2\"><\/div>\n<\/div>\n<\/div>\n<\/div>\n","protected":false},"excerpt":{"rendered":"<p>Lisseu Lizze Extreme<\/p>\n","protected":false},"featured_media":493,"comment_status":"open","ping_status":"closed","template":"","meta":{"_et_pb_use_builder":"","_et_pb_old_content":"","_et_gb_content_width":""},"product_cat":[21,26],"product_tag":[],"class_list":["post-491","product","type-product","status-publish","has-post-thumbnail","hentry","product_cat-non-classe","product_cat-lisseur-et-seche-cheveux"],"_links":{"self":[{"href":"https:\/\/lbatis.com\/index.php\/wp-json\/wp\/v2\/product\/491","targetHints":{"allow":["GET"]}}],"collection":[{"href":"https:\/\/lbatis.com\/index.php\/wp-json\/wp\/v2\/product"}],"about":[{"href":"https:\/\/lbatis.com\/index.php\/wp-json\/wp\/v2\/types\/product"}],"replies":[{"embeddable":true,"href":"https:\/\/lbatis.com\/index.php\/wp-json\/wp\/v2\/comments?post=491"}],"wp:featuredmedia":[{"embeddable":true,"href":"https:\/\/lbatis.com\/index.php\/wp-json\/wp\/v2\/media\/493"}],"wp:attachment":[{"href":"https:\/\/lbatis.com\/index.php\/wp-json\/wp\/v2\/media?parent=491"}],"wp:term":[{"taxonomy":"product_cat","embeddable":true,"href":"https:\/\/lbatis.com\/index.php\/wp-json\/wp\/v2\/product_cat?post=491"},{"taxonomy":"product_tag","embeddable":true,"href":"https:\/\/lbatis.com\/index.php\/wp-json\/wp\/v2\/product_tag?post=491"}],"curies":[{"name":"wp","href":"https:\/\/api.w.org\/{rel}","templated":true}]}}